{"id":2882,"date":"2021-04-27T08:11:12","date_gmt":"2021-04-27T08:11:12","guid":{"rendered":"https:\/\/leconservateurhaitien.com\/lch.com\/?page_id=2882"},"modified":"2021-05-05T09:41:12","modified_gmt":"2021-05-05T09:41:12","slug":"texts","status":"publish","type":"page","link":"https:\/\/leconservateurhaitien.com\/lch.com\/texts","title":{"rendered":"Text Home"},"content":{"rendered":"<div class=\"section-events wp-block-lazyblock-hjnb-custom-field lazyblock-hjnb-custom-field-1CSBFl\"><!--<img loading=\"lazy\" src='https:\/\/leconservateurhaitien.com\/lch.com\/wp-content\/uploads\/2021\/03\/events-navbar.jpg' \/>--><\/div>\n\n\n<section id=\"section-texts\" class=\"wp-block-group section-texts\"><div class=\"wp-block-group__inner-container is-layout-flow wp-block-group-is-layout-flow\"><div class=\"wp-block-lazyblock-hjnb-page-globals lazyblock-hjnb-page-globals-Z1yBz13\"><style>@import url('https:\/\/leconservateurhaitien.com\/lch.com\/hjnb\/styles\/common.css');\n@import url('https:\/\/leconservateurhaitien.com\/lch.com\/hjnb\/styles\/front-page.css');<\/style><script>pageBounce((dir) => {\n  if (dir < 0) return site_actions('nav-books');\n  if (dir > 0) return site_actions('nav-videos');\n});<\/script><\/div>\n\n\n<h4 class=\"section-heading wp-block-heading\" id=\"texts\"><img decoding=\"async\" width=\"40\" height=\"60\" loading=\"lazy\" class=\"wp-image-932\" style=\"width: 40px;\" src=\"https:\/\/leconservateurhaitien.com\/lch.com\/wp-content\/uploads\/2020\/11\/icon-fountain-pen.png\" alt=\"\">Textes &amp; Discussions<br>Petite collection de livres sur l\u2019histoire, la religion, la litterature, etc<\/h4>\n\n\n\n<div class=\"wp-block-columns responsive columns is-layout-flex wp-container-core-columns-is-layout-9d6595d7 wp-block-columns-is-layout-flex\">\n<div class=\"wp-block-column content is-layout-flow wp-block-column-is-layout-flow\" style=\"flex-basis:70%\"><div class=\"media-grid wp-block-lazyblock-hjnb-post-list lazyblock-hjnb-post-list-1G9kWS\" id=\"articles\"><div class='the-item'>\r\n  <a class='categ sub-heading grey' href='https:\/\/leconservateurhaitien.com\/lch.com\/archives\/category\/articles\/culture-societe'>\r\n    Culture \/ Soci\u00e9t\u00e9 (9)<\/a>\r\n  <div class='list'>\r\n      <a class='article' href='https:\/\/leconservateurhaitien.com\/lch.com\/archives\/3444'>\r\n      <img decoding=\"async\" loading=\"lazy\" width=\"1024\" height=\"768\" src=\"https:\/\/leconservateurhaitien.com\/lch.com\/wp-content\/uploads\/2023\/05\/Bible-Levitique.jpg\" class=\"attachment-post-thumbnail size-post-thumbnail wp-post-image\" alt=\"\" srcset=\"https:\/\/leconservateurhaitien.com\/lch.com\/wp-content\/uploads\/2023\/05\/Bible-Levitique.jpg 1024w, https:\/\/leconservateurhaitien.com\/lch.com\/wp-content\/uploads\/2023\/05\/Bible-Levitique-300x225.jpg 300w, https:\/\/leconservateurhaitien.com\/lch.com\/wp-content\/uploads\/2023\/05\/Bible-Levitique-768x576.jpg 768w\" sizes=\"auto, (max-width: 1024px) 100vw, 1024px\" style=\"width:100%;height:75%;max-width:1024px;\" \/>      <div class='meta'>\r\n        <span>A. J. Victor<\/span>\r\n        <span>mai 16, 2023<\/span><\/div>\r\n      <div class='title'>\r\n          Voyeurisme spirituel\u00a0: les Divinations du \u00ab\u00a0V\u00e9n\u00e9rable\u00a0\u00bb Lova Toussaint face \u00e0 la Bible<\/div>\r\n    <\/a>\r\n      <a class='article' href='https:\/\/leconservateurhaitien.com\/lch.com\/archives\/3434'>\r\n            <div class='meta'>\r\n        <span>A. J. Victor<\/span>\r\n        <span>mars 23, 2023<\/span><\/div>\r\n      <div class='title'>\r\n          Pauvres jeunes, pauvres Bizangos<\/div>\r\n    <\/a>\r\n      <a class='article' href='https:\/\/leconservateurhaitien.com\/lch.com\/archives\/3422'>\r\n      <img decoding=\"async\" loading=\"lazy\" width=\"601\" height=\"291\" src=\"https:\/\/leconservateurhaitien.com\/lch.com\/wp-content\/uploads\/2022\/01\/Le-nationalisme-sans-la-nation.jpg\" class=\"attachment-post-thumbnail size-post-thumbnail wp-post-image\" alt=\"\" srcset=\"https:\/\/leconservateurhaitien.com\/lch.com\/wp-content\/uploads\/2022\/01\/Le-nationalisme-sans-la-nation.jpg 601w, https:\/\/leconservateurhaitien.com\/lch.com\/wp-content\/uploads\/2022\/01\/Le-nationalisme-sans-la-nation-300x145.jpg 300w\" sizes=\"auto, (max-width: 601px) 100vw, 601px\" style=\"width:100%;height:48.42%;max-width:601px;\" \/>      <div class='meta'>\r\n        <span>A. J. Victor<\/span>\r\n        <span>novembre 18, 2022<\/span><\/div>\r\n      <div class='title'>\r\n          Dans la maison de mes fr\u00e8res\u00a0: le nationalisme sans la nation<\/div>\r\n    <\/a>\r\n      <a class='article' href='https:\/\/leconservateurhaitien.com\/lch.com\/archives\/3418'>\r\n            <div class='meta'>\r\n        <span>A. J. Victor<\/span>\r\n        <span>avril 9, 2022<\/span><\/div>\r\n      <div class='title'>\r\n          Au commencement \u00e9tait\u2026 Toussaint Louverture<\/div>\r\n    <\/a>\r\n    <\/div>\r\n<\/div>\r\n<div class='the-item'>\r\n  <a class='categ sub-heading red' href='https:\/\/leconservateurhaitien.com\/lch.com\/archives\/category\/articles\/histoire'>\r\n    Histoire (6)<\/a>\r\n  <div class='list'>\r\n      <a class='article' href='https:\/\/leconservateurhaitien.com\/lch.com\/archives\/3444'>\r\n      <img decoding=\"async\" loading=\"lazy\" width=\"1024\" height=\"768\" src=\"https:\/\/leconservateurhaitien.com\/lch.com\/wp-content\/uploads\/2023\/05\/Bible-Levitique.jpg\" class=\"attachment-post-thumbnail size-post-thumbnail wp-post-image\" alt=\"\" srcset=\"https:\/\/leconservateurhaitien.com\/lch.com\/wp-content\/uploads\/2023\/05\/Bible-Levitique.jpg 1024w, https:\/\/leconservateurhaitien.com\/lch.com\/wp-content\/uploads\/2023\/05\/Bible-Levitique-300x225.jpg 300w, https:\/\/leconservateurhaitien.com\/lch.com\/wp-content\/uploads\/2023\/05\/Bible-Levitique-768x576.jpg 768w\" sizes=\"auto, (max-width: 1024px) 100vw, 1024px\" style=\"width:100%;height:75%;max-width:1024px;\" \/>      <div class='meta'>\r\n        <span>A. J. Victor<\/span>\r\n        <span>mai 16, 2023<\/span><\/div>\r\n      <div class='title'>\r\n          Voyeurisme spirituel\u00a0: les Divinations du \u00ab\u00a0V\u00e9n\u00e9rable\u00a0\u00bb Lova Toussaint face \u00e0 la Bible<\/div>\r\n    <\/a>\r\n      <a class='article' href='https:\/\/leconservateurhaitien.com\/lch.com\/archives\/3434'>\r\n            <div class='meta'>\r\n        <span>A. J. Victor<\/span>\r\n        <span>mars 23, 2023<\/span><\/div>\r\n      <div class='title'>\r\n          Pauvres jeunes, pauvres Bizangos<\/div>\r\n    <\/a>\r\n      <a class='article' href='https:\/\/leconservateurhaitien.com\/lch.com\/archives\/3422'>\r\n      <img decoding=\"async\" loading=\"lazy\" width=\"601\" height=\"291\" src=\"https:\/\/leconservateurhaitien.com\/lch.com\/wp-content\/uploads\/2022\/01\/Le-nationalisme-sans-la-nation.jpg\" class=\"attachment-post-thumbnail size-post-thumbnail wp-post-image\" alt=\"\" srcset=\"https:\/\/leconservateurhaitien.com\/lch.com\/wp-content\/uploads\/2022\/01\/Le-nationalisme-sans-la-nation.jpg 601w, https:\/\/leconservateurhaitien.com\/lch.com\/wp-content\/uploads\/2022\/01\/Le-nationalisme-sans-la-nation-300x145.jpg 300w\" sizes=\"auto, (max-width: 601px) 100vw, 601px\" style=\"width:100%;height:48.42%;max-width:601px;\" \/>      <div class='meta'>\r\n        <span>A. J. Victor<\/span>\r\n        <span>novembre 18, 2022<\/span><\/div>\r\n      <div class='title'>\r\n          Dans la maison de mes fr\u00e8res\u00a0: le nationalisme sans la nation<\/div>\r\n    <\/a>\r\n      <a class='article' href='https:\/\/leconservateurhaitien.com\/lch.com\/archives\/3418'>\r\n            <div class='meta'>\r\n        <span>A. J. Victor<\/span>\r\n        <span>avril 9, 2022<\/span><\/div>\r\n      <div class='title'>\r\n          Au commencement \u00e9tait\u2026 Toussaint Louverture<\/div>\r\n    <\/a>\r\n    <\/div>\r\n<\/div>\r\n<div class='the-item'>\r\n  <a class='categ sub-heading green' href='https:\/\/leconservateurhaitien.com\/lch.com\/archives\/category\/articles\/politique'>\r\n    Politique (6)<\/a>\r\n  <div class='list'>\r\n      <a class='article' href='https:\/\/leconservateurhaitien.com\/lch.com\/archives\/3444'>\r\n      <img decoding=\"async\" loading=\"lazy\" width=\"1024\" height=\"768\" src=\"https:\/\/leconservateurhaitien.com\/lch.com\/wp-content\/uploads\/2023\/05\/Bible-Levitique.jpg\" class=\"attachment-post-thumbnail size-post-thumbnail wp-post-image\" alt=\"\" srcset=\"https:\/\/leconservateurhaitien.com\/lch.com\/wp-content\/uploads\/2023\/05\/Bible-Levitique.jpg 1024w, https:\/\/leconservateurhaitien.com\/lch.com\/wp-content\/uploads\/2023\/05\/Bible-Levitique-300x225.jpg 300w, https:\/\/leconservateurhaitien.com\/lch.com\/wp-content\/uploads\/2023\/05\/Bible-Levitique-768x576.jpg 768w\" sizes=\"auto, (max-width: 1024px) 100vw, 1024px\" style=\"width:100%;height:75%;max-width:1024px;\" \/>      <div class='meta'>\r\n        <span>A. J. Victor<\/span>\r\n        <span>mai 16, 2023<\/span><\/div>\r\n      <div class='title'>\r\n          Voyeurisme spirituel\u00a0: les Divinations du \u00ab\u00a0V\u00e9n\u00e9rable\u00a0\u00bb Lova Toussaint face \u00e0 la Bible<\/div>\r\n    <\/a>\r\n      <a class='article' href='https:\/\/leconservateurhaitien.com\/lch.com\/archives\/3422'>\r\n      <img decoding=\"async\" loading=\"lazy\" width=\"601\" height=\"291\" src=\"https:\/\/leconservateurhaitien.com\/lch.com\/wp-content\/uploads\/2022\/01\/Le-nationalisme-sans-la-nation.jpg\" class=\"attachment-post-thumbnail size-post-thumbnail wp-post-image\" alt=\"\" srcset=\"https:\/\/leconservateurhaitien.com\/lch.com\/wp-content\/uploads\/2022\/01\/Le-nationalisme-sans-la-nation.jpg 601w, https:\/\/leconservateurhaitien.com\/lch.com\/wp-content\/uploads\/2022\/01\/Le-nationalisme-sans-la-nation-300x145.jpg 300w\" sizes=\"auto, (max-width: 601px) 100vw, 601px\" style=\"width:100%;height:48.42%;max-width:601px;\" \/>      <div class='meta'>\r\n        <span>A. J. Victor<\/span>\r\n        <span>novembre 18, 2022<\/span><\/div>\r\n      <div class='title'>\r\n          Dans la maison de mes fr\u00e8res\u00a0: le nationalisme sans la nation<\/div>\r\n    <\/a>\r\n      <a class='article' href='https:\/\/leconservateurhaitien.com\/lch.com\/archives\/3299'>\r\n            <div class='meta'>\r\n        <span><\/span>\r\n        <span>octobre 12, 2021<\/span><\/div>\r\n      <div class='title'>\r\n          Eske Ameriken se papa nou\u00a0?<\/div>\r\n    <\/a>\r\n      <a class='article' href='https:\/\/leconservateurhaitien.com\/lch.com\/archives\/481'>\r\n      <img decoding=\"async\" loading=\"lazy\" width=\"800\" height=\"450\" src=\"https:\/\/leconservateurhaitien.com\/lch.com\/wp-content\/uploads\/2020\/11\/crowd-flag.jpeg\" class=\"attachment-post-thumbnail size-post-thumbnail wp-post-image\" alt=\"\" srcset=\"https:\/\/leconservateurhaitien.com\/lch.com\/wp-content\/uploads\/2020\/11\/crowd-flag.jpeg 800w, https:\/\/leconservateurhaitien.com\/lch.com\/wp-content\/uploads\/2020\/11\/crowd-flag-300x169.jpeg 300w, https:\/\/leconservateurhaitien.com\/lch.com\/wp-content\/uploads\/2020\/11\/crowd-flag-768x432.jpeg 768w\" sizes=\"auto, (max-width: 800px) 100vw, 800px\" style=\"width:100%;height:56.25%;max-width:800px;\" \/>      <div class='meta'>\r\n        <span>A. J. Victor<\/span>\r\n        <span>ao\u00fbt 10, 2020<\/span><\/div>\r\n      <div class='title'>\r\n          \u00ab\u00a0Dette de l\u2019ind\u00e9pendance\u00a0\u00bb : Cet argent, moi, je n\u2019en veux pas\u00a0!<\/div>\r\n    <\/a>\r\n    <\/div>\r\n<\/div>\r\n<div class='the-item'>\r\n  <a class='categ sub-heading yellow' href='https:\/\/leconservateurhaitien.com\/lch.com\/archives\/category\/articles\/education'>\r\n    \u00c9ducation (6)<\/a>\r\n  <div class='list'>\r\n      <a class='article' href='https:\/\/leconservateurhaitien.com\/lch.com\/archives\/3378'>\r\n      <img decoding=\"async\" loading=\"lazy\" width=\"601\" height=\"291\" src=\"https:\/\/leconservateurhaitien.com\/lch.com\/wp-content\/uploads\/2022\/01\/Le-nationalisme-sans-la-nation.jpg\" class=\"attachment-post-thumbnail size-post-thumbnail wp-post-image\" alt=\"\" srcset=\"https:\/\/leconservateurhaitien.com\/lch.com\/wp-content\/uploads\/2022\/01\/Le-nationalisme-sans-la-nation.jpg 601w, https:\/\/leconservateurhaitien.com\/lch.com\/wp-content\/uploads\/2022\/01\/Le-nationalisme-sans-la-nation-300x145.jpg 300w\" sizes=\"auto, (max-width: 601px) 100vw, 601px\" style=\"width:100%;height:48.42%;max-width:601px;\" \/>      <div class='meta'>\r\n        <span>A. J. Victor<\/span>\r\n        <span>janvier 24, 2022<\/span><\/div>\r\n      <div class='title'>\r\n          \u00ab\u00a0Le pouvoir (et le danger) des id\u00e9es. (2 de 5): L\u2019\u00e9cole-\u00e0-plusieurs-vitesses\u00a0: le probl\u00e8me n\u2019est pas le nombre de vitesses<\/div>\r\n    <\/a>\r\n      <a class='article' href='https:\/\/leconservateurhaitien.com\/lch.com\/archives\/503'>\r\n      <img decoding=\"async\" loading=\"lazy\" width=\"800\" height=\"600\" src=\"https:\/\/leconservateurhaitien.com\/lch.com\/wp-content\/uploads\/2020\/11\/school-children.jpg\" class=\"attachment-post-thumbnail size-post-thumbnail wp-post-image\" alt=\"\" srcset=\"https:\/\/leconservateurhaitien.com\/lch.com\/wp-content\/uploads\/2020\/11\/school-children.jpg 800w, https:\/\/leconservateurhaitien.com\/lch.com\/wp-content\/uploads\/2020\/11\/school-children-300x225.jpg 300w, https:\/\/leconservateurhaitien.com\/lch.com\/wp-content\/uploads\/2020\/11\/school-children-768x576.jpg 768w\" sizes=\"auto, (max-width: 800px) 100vw, 800px\" style=\"width:100%;height:75%;max-width:800px;\" \/>      <div class='meta'>\r\n        <span>A. J. Victor<\/span>\r\n        <span>octobre 5, 2020<\/span><\/div>\r\n      <div class='title'>\r\n          Avant le crime\u2026 Aider la petite enfance: le mieux est de ne rien faire<\/div>\r\n    <\/a>\r\n      <a class='article' href='https:\/\/leconservateurhaitien.com\/lch.com\/archives\/710'>\r\n      <img decoding=\"async\" loading=\"lazy\" width=\"810\" height=\"450\" src=\"https:\/\/leconservateurhaitien.com\/lch.com\/wp-content\/uploads\/2020\/11\/trhstudentsonfirstdayofschool_orig.jpg\" class=\"attachment-post-thumbnail size-post-thumbnail wp-post-image\" alt=\"\" srcset=\"https:\/\/leconservateurhaitien.com\/lch.com\/wp-content\/uploads\/2020\/11\/trhstudentsonfirstdayofschool_orig.jpg 810w, https:\/\/leconservateurhaitien.com\/lch.com\/wp-content\/uploads\/2020\/11\/trhstudentsonfirstdayofschool_orig-300x167.jpg 300w, https:\/\/leconservateurhaitien.com\/lch.com\/wp-content\/uploads\/2020\/11\/trhstudentsonfirstdayofschool_orig-768x427.jpg 768w\" sizes=\"auto, (max-width: 810px) 100vw, 810px\" style=\"width:100%;height:55.56%;max-width:810px;\" \/>      <div class='meta'>\r\n        <span>A. J. Victor<\/span>\r\n        <span>avril 27, 2020<\/span><\/div>\r\n      <div class='title'>\r\n          Le baiser de Judas<\/div>\r\n    <\/a>\r\n      <a class='article' href='https:\/\/leconservateurhaitien.com\/lch.com\/archives\/735'>\r\n      <img decoding=\"async\" loading=\"lazy\" width=\"467\" height=\"350\" src=\"https:\/\/leconservateurhaitien.com\/lch.com\/wp-content\/uploads\/2020\/11\/directeurs.jpg\" class=\"attachment-post-thumbnail size-post-thumbnail wp-post-image\" alt=\"\" srcset=\"https:\/\/leconservateurhaitien.com\/lch.com\/wp-content\/uploads\/2020\/11\/directeurs.jpg 467w, https:\/\/leconservateurhaitien.com\/lch.com\/wp-content\/uploads\/2020\/11\/directeurs-300x225.jpg 300w\" sizes=\"auto, (max-width: 467px) 100vw, 467px\" style=\"width:100%;height:74.95%;max-width:467px;\" \/>      <div class='meta'>\r\n        <span>A. J. Victor<\/span>\r\n        <span>novembre 16, 2016<\/span><\/div>\r\n      <div class='title'>\r\n          Le silence des agneaux ou la mesure des 12 mesures de Nesmy Manigat (1 de 2)<\/div>\r\n    <\/a>\r\n    <\/div>\r\n<\/div>\r\n<div class='the-item'>\r\n  <a class='categ sub-heading violet' href='https:\/\/leconservateurhaitien.com\/lch.com\/archives\/category\/articles\/divers'>\r\n    Divers (1)<\/a>\r\n  <div class='list'>\r\n      <a class='article' href='https:\/\/leconservateurhaitien.com\/lch.com\/archives\/707'>\r\n      <img decoding=\"async\" loading=\"lazy\" width=\"612\" height=\"408\" src=\"https:\/\/leconservateurhaitien.com\/lch.com\/wp-content\/uploads\/2017\/04\/generic.jpeg\" class=\"attachment-post-thumbnail size-post-thumbnail wp-post-image\" alt=\"\" srcset=\"https:\/\/leconservateurhaitien.com\/lch.com\/wp-content\/uploads\/2017\/04\/generic.jpeg 612w, https:\/\/leconservateurhaitien.com\/lch.com\/wp-content\/uploads\/2017\/04\/generic-300x200.jpeg 300w\" sizes=\"auto, (max-width: 612px) 100vw, 612px\" style=\"width:100%;height:66.67%;max-width:612px;\" \/>      <div class='meta'>\r\n        <span>A. J. Victor<\/span>\r\n        <span>avril 18, 2017<\/span><\/div>\r\n      <div class='title'>\r\n          Quand Valery Numa re\u00e7oit Tartarin de Tarascon<\/div>\r\n    <\/a>\r\n    <\/div>\r\n<\/div>\r\n<\/div><\/div>\n\n\n\n<div class=\"wp-block-column sidebar is-layout-flow wp-block-column-is-layout-flow\" style=\"flex-basis:30%\"><div class=\"widget-subscribe wp-block-lazyblock-hjnb-custom-field lazyblock-hjnb-custom-field-Z1JRzNU\"><div class=\"title\">ABONNEZ-VOUS<\/div>\r\n<div class=\"descr\">Recevez nos articles aussi t\u00f4t publi\u00e9s dans votre bo\u00eete.<\/div>\r\n<script>(function() {\n\twindow.mc4wp = window.mc4wp || {\n\t\tlisteners: [],\n\t\tforms: {\n\t\t\ton: function(evt, cb) {\n\t\t\t\twindow.mc4wp.listeners.push(\n\t\t\t\t\t{\n\t\t\t\t\t\tevent   : evt,\n\t\t\t\t\t\tcallback: cb\n\t\t\t\t\t}\n\t\t\t\t);\n\t\t\t}\n\t\t}\n\t}\n})();\n<\/script><!-- Mailchimp for WordPress v4.12.2 - https:\/\/wordpress.org\/plugins\/mailchimp-for-wp\/ --><form id=\"mc4wp-form-1\" class=\"mc4wp-form mc4wp-form-2681\" method=\"post\" data-id=\"2681\" data-name=\"\" ><div class=\"mc4wp-form-fields\"><input type=\"email\" name=\"EMAIL\" placeholder=\"Votre adresse email\" required=\"\">\r\n<input type=\"text\" name=\"FNAME\" placeholder=\"Votre nom\" required=\"\">\r\n<input type=\"submit\" value=\"Je m'inscris\" \/>\r\n<\/div><label style=\"display: none !important;\">Laissez ce champ vide si vous \u00eates humain\u00a0: <input type=\"text\" name=\"_mc4wp_honeypot\" value=\"\" tabindex=\"-1\" autocomplete=\"off\" \/><\/label><input type=\"hidden\" name=\"_mc4wp_timestamp\" value=\"1776955341\" \/><input type=\"hidden\" name=\"_mc4wp_form_id\" value=\"2681\" \/><input type=\"hidden\" name=\"_mc4wp_form_element_id\" value=\"mc4wp-form-1\" \/><div class=\"mc4wp-response\"><\/div><\/form><!-- \/ Mailchimp for WordPress Plugin --><\/div>\n\n\n<hr class=\"wp-block-separator is-style-wide hr-hidden\"\/>\n\n\n\n<h6 class=\"sub-heading wp-block-heading\">Articles Les Plus Lus<\/h6>\n\n\n<div class=\"top-texts wp-block-lazyblock-hjnb-post-list lazyblock-hjnb-post-list-Z2e20fY\" id=\"top-texts\">  <a href='https:\/\/leconservateurhaitien.com\/lch.com\/archives\/3444'>\r\n   <div class='the-item'>\r\n    <img loading=\"lazy\" class='image' src='https:\/\/leconservateurhaitien.com\/lch.com\/wp-content\/uploads\/2023\/05\/Bible-Levitique.jpg'>\r\n    <div class='title'>Voyeurisme spirituel\u00a0: les Divinations du \u00ab\u00a0V\u00e9n\u00e9rable\u00a0\u00bb Lova Toussaint face \u00e0 la Bible<\/div>\r\n    <div class='author'>\r\n      A. J. Victor \/ Culture \/ Soci\u00e9t\u00e9<br\/>mai 16, 2023<\/div>\r\n   <\/div>\r\n  <\/a>\r\n  <a href='https:\/\/leconservateurhaitien.com\/lch.com\/archives\/3434'>\r\n   <div class='the-item'>\r\n    <img loading=\"lazy\" class='image' src=''>\r\n    <div class='title'>Pauvres jeunes, pauvres Bizangos<\/div>\r\n    <div class='author'>\r\n      A. J. Victor \/ Culture \/ Soci\u00e9t\u00e9<br\/>mars 23, 2023<\/div>\r\n   <\/div>\r\n  <\/a>\r\n  <a href='https:\/\/leconservateurhaitien.com\/lch.com\/archives\/3422'>\r\n   <div class='the-item'>\r\n    <img loading=\"lazy\" class='image' src='https:\/\/leconservateurhaitien.com\/lch.com\/wp-content\/uploads\/2022\/01\/Le-nationalisme-sans-la-nation.jpg'>\r\n    <div class='title'>Dans la maison de mes fr\u00e8res\u00a0: le nationalisme sans la nation<\/div>\r\n    <div class='author'>\r\n      A. J. Victor \/ Culture \/ Soci\u00e9t\u00e9<br\/>novembre 18, 2022<\/div>\r\n   <\/div>\r\n  <\/a>\r\n  <a href='https:\/\/leconservateurhaitien.com\/lch.com\/archives\/3418'>\r\n   <div class='the-item'>\r\n    <img loading=\"lazy\" class='image' src=''>\r\n    <div class='title'>Au commencement \u00e9tait\u2026 Toussaint Louverture<\/div>\r\n    <div class='author'>\r\n      A. J. Victor \/ Culture \/ Soci\u00e9t\u00e9<br\/>avril 9, 2022<\/div>\r\n   <\/div>\r\n  <\/a>\r\n  <a href='https:\/\/leconservateurhaitien.com\/lch.com\/archives\/3378'>\r\n   <div class='the-item'>\r\n    <img loading=\"lazy\" class='image' src='https:\/\/leconservateurhaitien.com\/lch.com\/wp-content\/uploads\/2022\/01\/Le-nationalisme-sans-la-nation.jpg'>\r\n    <div class='title'>\u00ab\u00a0Le pouvoir (et le danger) des id\u00e9es. (2 de 5): L\u2019\u00e9cole-\u00e0-plusieurs-vitesses\u00a0: le probl\u00e8me n\u2019est pas le nombre de vitesses<\/div>\r\n    <div class='author'>\r\n      A. J. Victor \/ \u00c9ducation<br\/>janvier 24, 2022<\/div>\r\n   <\/div>\r\n  <\/a>\r\n<\/div>\n\n\n<hr class=\"wp-block-separator is-style-wide hr-hidden hr-large\"\/>\n\n\n\n<figure class=\"wp-block-image size-large book-promo\"><a href=\"https:\/\/leconservateurhaitien.com\/lch.com\/?p=281\"><img decoding=\"async\" width=\"290\" height=\"193\" loading=\"lazy\" src=\"https:\/\/leconservateurhaitien.com\/lch.com\/wp-content\/uploads\/2021\/01\/quo-vadis-promo-1.png\" alt=\"\" class=\"wp-image-2088\"\/><\/a><figcaption> &#8220;Pourquoi les catholiques confessent-ils leurs p\u00e9ch\u00e9s \u00e0 un pr\u00eatre qui est lui aussi p\u00e9cheur ? &#8230; Quel rapport y-a-t-il entre un saint et un loa ? &#8230; Le catholicisme est-il compatible avec le vodou ? <br><br>Au long d\u2019une suite de questions-r\u00e9ponses, Quo Vadis d\u00e9truit les mythes, \u00e9claircit les zones d\u2019ombre, expose les mensonges et r\u00e9tablit la v\u00e9rit\u00e9 de la foi catholique.&#8221; <\/figcaption><\/figure>\n\n\n\n<hr class=\"wp-block-separator hr-hidden is-style-wide\"\/>\n<\/div>\n<\/div>\n\n\n\n<p><\/p>\n<\/div><\/section>\n","protected":false},"excerpt":{"rendered":"<p>Textes &amp; DiscussionsPetite collection de livres sur l\u2019histoire, la religion, la litterature, etc Articles Les Plus Lus<\/p>\n","protected":false},"author":3,"featured_media":0,"parent":0,"menu_order":0,"comment_status":"closed","ping_status":"closed","template":"","meta":{"nf_dc_page":"","footnotes":""},"class_list":["post-2882","page","type-page","status-publish","hentry","entry"],"_links":{"self":[{"href":"https:\/\/leconservateurhaitien.com\/lch.com\/wp-json\/wp\/v2\/pages\/2882","targetHints":{"allow":["GET"]}}],"collection":[{"href":"https:\/\/leconservateurhaitien.com\/lch.com\/wp-json\/wp\/v2\/pages"}],"about":[{"href":"https:\/\/leconservateurhaitien.com\/lch.com\/wp-json\/wp\/v2\/types\/page"}],"author":[{"embeddable":true,"href":"https:\/\/leconservateurhaitien.com\/lch.com\/wp-json\/wp\/v2\/users\/3"}],"replies":[{"embeddable":true,"href":"https:\/\/leconservateurhaitien.com\/lch.com\/wp-json\/wp\/v2\/comments?post=2882"}],"version-history":[{"count":5,"href":"https:\/\/leconservateurhaitien.com\/lch.com\/wp-json\/wp\/v2\/pages\/2882\/revisions"}],"predecessor-version":[{"id":3049,"href":"https:\/\/leconservateurhaitien.com\/lch.com\/wp-json\/wp\/v2\/pages\/2882\/revisions\/3049"}],"wp:attachment":[{"href":"https:\/\/leconservateurhaitien.com\/lch.com\/wp-json\/wp\/v2\/media?parent=2882"}],"curies":[{"name":"wp","href":"https:\/\/api.w.org\/{rel}","templated":true}]}}